{"id":52,"date":"2020-06-03T19:33:07","date_gmt":"2020-06-03T16:33:07","guid":{"rendered":"http:\/\/demo.safirtema.com\/rota\/?page_id=52"},"modified":"2024-10-12T21:51:26","modified_gmt":"2024-10-12T18:51:26","slug":"sikca-sorulan-sorular","status":"publish","type":"page","link":"https:\/\/turgutlarsigorta.com\/?page_id=52","title":{"rendered":"S\u0131k\u00e7a Sorulan Sorular"},"content":{"rendered":"\n<p>Sigorta i\u015flemleri ile ilgili olarak akl\u0131n\u0131za tak\u0131lan b\u00fct\u00fcn sorulara burada cevap veriyoruz.<\/p>\n\n\n\n<div class=\"wp-block-safirtema-sorucevap safir-faq\"><div class=\"question\"><div class=\"icon\"><\/div><span class=\"text\">Kasko nedir?<\/span><div class=\"openclose plus\"><\/div><\/div><p class=\"answer\">Kasko Sigortas\u0131 arac\u0131n yanmas\u0131, \u00e7al\u0131nmas\u0131, \u00e7al\u0131nmaya te\u015febb\u00fcs edilmesi veya kaza sonucunda olu\u015fabilecek zararlar\u0131 g\u00fcvence alt\u0131na alan bir sigorta t\u00fcr\u00fcd\u00fcr. Hasar ger\u00e7ekle\u015fti\u011finde sigorta sahibini g\u00fcvence alt\u0131na al\u0131r. Zorunlu de\u011fil, iste\u011fe ba\u011fl\u0131 olarak yapt\u0131r\u0131lmaktad\u0131r..<\/p><\/div>\n\n\n\n<div class=\"wp-block-safirtema-sorucevap safir-faq\"><div class=\"question\"><div class=\"icon\"><\/div><span class=\"text\">Zorunlu Trafik Sigortas\u0131 (Karayollar\u0131 Motorlu Ara\u00e7lar Zorunlu Mali Sorumluluk Sigortas\u0131) nedir ve teminatlar\u0131 nelerdir?<\/span><div class=\"openclose plus\"><\/div><\/div><p class=\"answer\">Trafik Sigortas\u0131 bir motorlu ta\u015f\u0131t\u0131n kusurlu olarak \u00fc\u00e7\u00fcnc\u00fc \u015fah\u0131slara verdi\u011fi zararlar\u0131 kar\u015f\u0131lar. Tazminat ile maddi zararlar\u0131n yan\u0131s\u0131ra, kazaya ili\u015fkin tedavi giderleri ile zarar g\u00f6ren ki\u015filerin sakat kalmas\u0131 veya hayat\u0131n\u0131 kaybetmesi hallerinde kazada zarar g\u00f6renin deste\u011finden mahrum kalanlara \u00f6deme yapar. Destekten mahrumiyet tazminat\u0131 kazada hayat\u0131n\u0131 kaybeden veya sakat kalan ki\u015finin ya\u015f\u0131na, gelirine g\u00f6re de\u011fi\u015fiklik g\u00f6sterir.\u00a0<br>Zorunlu Trafik Sigortas\u0131&#8217;n\u0131n teminatlar\u0131, Maddi Zararlar, Sa\u011fl\u0131k Giderleri, S\u00fcrekli Sakatl\u0131k ve Destekten Yoksun Kalma (\u00f6l\u00fcm) \u015feklindedir.\u00a0<\/p><\/div>\n\n\n\n<div class=\"wp-block-safirtema-sorucevap safir-faq\"><div class=\"question\"><div class=\"icon\"><\/div><span class=\"text\">Motorlu arac\u0131n kazaya kar\u0131\u015f\u0131p kar\u0131\u015fmamas\u0131 Trafik Sigortas\u0131n\u0131n primini etkiler mi?<\/span><div class=\"openclose plus\"><\/div><\/div><p class=\"answer\">Etkilemektedir. Sigorta \u015firketleri Karayollar\u0131 Motorlu Ara\u00e7lar Mali Sorumluluk Sigortas\u0131nda Tarife Uygulama Esaslar\u0131 Hakk\u0131nda Y\u00f6netmelik\u2019te belirtilen basamak ve oranlara g\u00f6re hasars\u0131zl\u0131k indirimi veya prim art\u0131r\u0131m\u0131 uygulamas\u0131 yaparlar. \u0130\u015fleten s\u0131fat\u0131yla ilk kez trafi\u011fe \u00e7\u0131kacaklar i\u00e7in d\u00f6rd\u00fcnc\u00fc basamaktan prim uygulan\u0131r.<\/p><\/div>\n\n\n\n<div class=\"wp-block-safirtema-sorucevap safir-faq\"><div class=\"question\"><div class=\"icon\"><\/div><span class=\"text\">Sigortan\u0131n \u00d6nemi Nedir?<\/span><div class=\"openclose plus\"><\/div><\/div><p class=\"answer\">Yat\u0131r\u0131mlar, varl\u0131klar, giri\u015fimler \u015f\u00fcphesiz insano\u011flu i\u00e7in b\u00fcy\u00fck \u00f6nem ta\u015f\u0131r. Asl\u0131nda hepimizin t\u00fcm varl\u0131klar\u0131, yat\u0131r\u0131mlar\u0131 ve giri\u015fimleri risk alt\u0131ndad\u0131r. D\u00fc\u015f\u00fcn\u00fcn ki, d\u0131\u015far\u0131da nefes al\u0131rken de evimizde otururken de \u00e7e\u015fitli riskler ta\u015f\u0131yoruz. \u00d6rne\u011fin, kalbimizin aniden kan pompalamayacak olmas\u0131, kap\u0131s\u0131n\u0131 kilitleyerek \u00e7\u0131kt\u0131\u011f\u0131m\u0131z evimize bir h\u0131rs\u0131z girme ihtimali, \u015fiddetli ya\u011fmurdan evimizi veya kendimize ait i\u015fyerimizi su basmas\u0131, ya da k\u0131rm\u0131z\u0131 \u0131\u015f\u0131kta dururken aniden bir arac\u0131n gelip bizim arac\u0131m\u0131za \u00e7arpmas\u0131\u2026 Her an ba\u015f\u0131m\u0131za bir\u015fey gelme ihtimali ile ya\u015farken, t\u00fcm belirtti\u011fimiz risklerin bilincinde olup hem kendimizi, hem sevdiklerimizi, hem de t\u00fcm sahip olduklar\u0131m\u0131z\u0131 bir nevi g\u00fcvence alt\u0131na almak i\u00e7in \u00f6nlemleri almak da bizim sorumlulu\u011fumuzdad\u0131r. Sigorta, ba\u015f\u0131m\u0131za gelebilecek potansiyel risklere kar\u015f\u0131 korunmam\u0131z\u0131 sa\u011flar, bu risklerin ger\u00e7ekle\u015fmesi halinde do\u011fan zararlar\u0131 kar\u015f\u0131lar. Bu nedenle de en b\u00fcy\u00fck g\u00fcvencemizdir\u2026<\/p><\/div>\n\n\n\n<div class=\"wp-block-safirtema-sorucevap safir-faq\"><div class=\"question\"><div class=\"icon\"><\/div><span class=\"text\">Poli\u00e7e Nedir?<\/span><div class=\"openclose plus\"><\/div><\/div><p class=\"answer\">Sigorta poli\u00e7esi sigortal\u0131 ve sigortac\u0131n\u0131n hak ve bor\u00e7lar\u0131n\u0131n yer ald\u0131\u011f\u0131, sigorta bedeli, primi, prim \u00f6deme zaman\u0131 ve yeri, sigorta konusu, risk yeri ve teminat\u0131n s\u00fcresinin belirtildi\u011fi,muafiyetler, \u00f6zel ve genel \u015fartlardan olu\u015fan bir belgedir.<\/p><\/div>\n\n\n\n<div class=\"wp-block-safirtema-sorucevap safir-faq\"><div class=\"question\"><div class=\"icon\"><\/div><span class=\"text\">Hangi durumlarda kaza tespit tutana\u011f\u0131 doldurulmayacakt\u0131r?<\/span><div class=\"openclose plus\"><\/div><\/div><p class=\"answer\">A\u015fa\u011f\u0131daki durumlarda bu tutanak DOLDURULMAYACAKTIR. Bu durumlarda 155 veya kaza mahalli Jandarma b\u00f6lgesindeyse 156 numaral\u0131 telefondan trafik zab\u0131tas\u0131na haber \u00a0verilmesi gerekmektedir.\u00a0<br>Kazaya bir arac\u0131n kar\u0131\u015fmas\u0131 (tek tarafl\u0131 maddi hasarl\u0131 trafik kazas\u0131 ise),<br>Taraflardan herhangi birinin s\u00fcr\u00fcc\u00fc belgesinin bulunmamas\u0131 veya belgesinin kulland\u0131\u011f\u0131 ara\u00e7 cinsi i\u00e7in yeterli olmamas\u0131,<br>Ara\u00e7lardan herhangi birinini \u00fclkemizde ge\u00e7erli zorunlu mali sorumluluk sigortas\u0131n\u0131n olmamas\u0131,<br>S\u00fcr\u00fcc\u00fclerden herhangi birinde alkol, uyu\u015fturucu veya uyar\u0131c\u0131 madde ald\u0131\u011f\u0131 \u015f\u00fcphesinin bulunmas\u0131,<br>Kazaya kar\u0131\u015fan ara\u00e7lardan herhangi birinin kamu kurum ve kurulu\u015flar\u0131na ait olmas\u0131 (Sa\u011fl\u0131k Bakanl\u0131\u011f\u0131\u2019na ait ambulans ve acil sa\u011fl\u0131k ara\u00e7lar\u0131 hari\u00e7) ,<br>Kazada kamu mal\u0131na veya \u00fc\u00e7\u00fcnc\u00fc ki\u015filere ait e\u015fyalara zarar verilmi\u015f olmas\u0131,<br>Kazan\u0131n \u00f6l\u00fcm ve\/veya yaralanma ile sonu\u00e7lanm\u0131\u015f olmas\u0131<\/p><\/div>\n\n\n\n<div class=\"wp-block-safirtema-sorucevap safir-faq\"><div class=\"question\"><div class=\"icon\"><\/div><span class=\"text\">Yang\u0131n sigortas\u0131nda ek s\u00f6zle\u015fme ile teminat kapsam\u0131na al\u0131nacak riskler nelerdir?<\/span><div class=\"openclose plus\"><\/div><\/div><p class=\"answer\">Yang\u0131n sigortas\u0131nda ek s\u00f6zle\u015fme ile grev, lokavt, karga\u015fal\u0131k, halk hareketleri, ter\u00f6r, deprem ve yanarda\u011f p\u00fcsk\u00fcrmesi, kar a\u011f\u0131rl\u0131\u011f\u0131, sel ve su bask\u0131n\u0131, yer kaymas\u0131, f\u0131rt\u0131na, dahili su, duman, ta\u015f\u0131t \u00e7arpmas\u0131, kara ta\u015f\u0131tlar\u0131, deniz ta\u015f\u0131tlar\u0131, hava ta\u015f\u0131tlar\u0131, k\u00f6t\u00fc niyetli hareketler nedeniyle meydana gelen zararlar da teminat kapsam\u0131na al\u0131nabilir.<\/p><\/div>\n\n\n\n<div class=\"wp-block-safirtema-sorucevap safir-faq\"><div class=\"question\"><div class=\"icon\"><\/div><span class=\"text\">S\u00f6zle\u015fme s\u00fcresi i\u00e7inde menfaat sahibinin de\u011fi\u015fmesi halinde sigorta poli\u00e7esinin durumu ne olur?<\/span><div class=\"openclose plus\"><\/div><\/div><p class=\"answer\">S\u00f6zle\u015fme s\u00fcresi i\u00e7inde; menfaat sahibinin de\u011fi\u015fmesi halinde sigortan\u0131n h\u00fckm\u00fc devam eder ve sigorta ettirenin s\u00f6zle\u015fmeden do\u011fan hak ve bor\u00e7lar\u0131 yeni hak sahibine ge\u00e7er. De\u011fi\u015fiklik halinde, sigorta ettiren\/sigortal\u0131 ve sigortan\u0131n varl\u0131\u011f\u0131n\u0131 \u00f6\u011frenen yeni hak sahibi durumu 15 g\u00fcn i\u00e7inde sigortac\u0131ya bildirmekle y\u00fck\u00fcml\u00fcd\u00fcr. Sigortac\u0131 de\u011fi\u015fikli\u011fi, yeni hak sahibi de sigortan\u0131n varl\u0131\u011f\u0131n\u0131 \u00f6\u011frendi\u011fi tarihten itibaren 8 g\u00fcn i\u00e7inde s\u00f6zle\u015fmeyi feshedebilir. S\u00fcresinde kullan\u0131lmayan fesih hakk\u0131 d\u00fc\u015fer.<br>Feshin h\u00fck\u00fcm ifade etti\u011fi tarihe kadar ge\u00e7en s\u00fcrenin primi, g\u00fcn esas\u0131 \u00fczerinden hesap edilir ve fazlas\u0131 yeni hak sahibine geri verilir.<br>Sigortal\u0131 \u015feylerin sahibinin de\u011fi\u015fmesi an\u0131nda \u00f6denmesi gerekli prim bor\u00e7lar\u0131ndan, sigorta ettiren ile fesih hakk\u0131n\u0131 kullanmayan yeni hak sahibi birlikte sorumludur.<\/p><\/div>\n\n\n\n<div class=\"wp-block-safirtema-sorucevap safir-faq\"><div class=\"question\"><div class=\"icon\"><\/div><span class=\"text\">Yang\u0131n sigorta poli\u00e7esinde prim nas\u0131l tespit edilir? Her \u015firket farkl\u0131 fiyat verebilir mi?<\/span><div class=\"openclose plus\"><\/div><\/div><p class=\"answer\">Yang\u0131n sigortas\u0131nda ve yang\u0131na ek olarak verilen deprem ve yanarda\u011f p\u00fcsk\u00fcrmesi d\u0131\u015f\u0131ndaki di\u011fer ek teminatlarda (grev, lokavt, karga\u015fal\u0131k, halk hareketleri, ter\u00f6r, sel ve su bask\u0131n\u0131, yer kaymas\u0131, f\u0131rt\u0131na, dahili su, duman, ta\u015f\u0131t \u00e7arpmas\u0131, kara ta\u015f\u0131tlar\u0131, deniz ta\u015f\u0131tlar\u0131, hava ta\u015f\u0131tlar\u0131, k\u00f6t\u00fc niyetli hareketler) prim tutar\u0131 sigorta \u015firketlerince serbest\u00e7e belirlenmektedir.<br>Yang\u0131n sigortas\u0131na deprem ve yanarda\u011f p\u00fcsk\u00fcrmesi teminat\u0131n\u0131n eklenmesi halinde ise ihtiyari deprem ve yanarda\u011f p\u00fcsk\u00fcrmesi teminat\u0131na ili\u015fkin tarife ve talimat h\u00fck\u00fcmleri uygulan\u0131r.<\/p><\/div>\n\n\n\n<div class=\"wp-block-safirtema-sorucevap safir-faq\"><div class=\"question\"><div class=\"icon\"><\/div><span class=\"text\">Arac\u0131m\u0131 satt\u0131m, yeni al\u0131c\u0131ya Trafik Sigorta poli\u00e7em devir olabilir mi?<\/span><div class=\"openclose plus\"><\/div><\/div><p class=\"answer\">Trafik poli\u00e7elerinde ara\u00e7 sat\u0131\u015f\u0131 oldu\u011fu zaman poli\u00e7e yeni al\u0131c\u0131ya ge\u00e7mez. Ara\u00e7 sahibi mevcut poli\u00e7esini iptal ettirir ve kalan g\u00fcn kadar prim iadesini al\u0131r. Yeni al\u0131c\u0131 kendi ad\u0131na arac\u0131n tescil tarihine g\u00f6re yeni bir poli\u00e7e tanzim ettirir.<\/p><\/div>\n\n\n\n<div class=\"wp-block-safirtema-sorucevap safir-faq\"><div class=\"question\"><div class=\"icon\"><\/div><span class=\"text\">Kasko sigortalar\u0131nda arac\u0131n de\u011feri nas\u0131l belirlenir?<\/span><div class=\"openclose plus\"><\/div><\/div><p class=\"answer\">T\u00fcrkiye Sigorta ve Reas\u00fcrans \u015eirketleri Birli\u011fi taraf\u0131ndan haz\u0131rlanan ara\u00e7 kasko de\u011fer listesine g\u00f6re tespit edilmektedir. Buna ilave olarak; ses, ileti\u015fim ve g\u00f6r\u00fcnt\u00fc cihazlar\u0131 ile ta\u015f\u0131ta sonradan ilave edilen radyo-teyp, telefon, televizyon, klima gibi cihazlar, aksesuar sigortas\u0131 kapsam\u0131 i\u00e7ine dahil edilir. Bunlar i\u00e7in ayr\u0131ca sigorta bedeli belirtilmesi gerekir.<\/p><\/div>\n","protected":false},"excerpt":{"rendered":"<p>Sigorta i\u015flemleri ile ilgili olarak akl\u0131n\u0131za tak\u0131lan b\u00fct\u00fcn sorulara burada cevap veriyoruz.<\/p>\n","protected":false},"author":1,"featured_media":0,"parent":0,"menu_order":0,"comment_status":"closed","ping_status":"closed","template":"","meta":{"footnotes":""},"class_list":["post-52","page","type-page","status-publish","hentry"],"_links":{"self":[{"href":"https:\/\/turgutlarsigorta.com\/index.php?rest_route=\/wp\/v2\/pages\/52"}],"collection":[{"href":"https:\/\/turgutlarsigorta.com\/index.php?rest_route=\/wp\/v2\/pages"}],"about":[{"href":"https:\/\/turgutlarsigorta.com\/index.php?rest_route=\/wp\/v2\/types\/page"}],"author":[{"embeddable":true,"href":"https:\/\/turgutlarsigorta.com\/index.php?rest_route=\/wp\/v2\/users\/1"}],"replies":[{"embeddable":true,"href":"https:\/\/turgutlarsigorta.com\/index.php?rest_route=%2Fwp%2Fv2%2Fcomments&post=52"}],"version-history":[{"count":3,"href":"https:\/\/turgutlarsigorta.com\/index.php?rest_route=\/wp\/v2\/pages\/52\/revisions"}],"predecessor-version":[{"id":331,"href":"https:\/\/turgutlarsigorta.com\/index.php?rest_route=\/wp\/v2\/pages\/52\/revisions\/331"}],"wp:attachment":[{"href":"https:\/\/turgutlarsigorta.com\/index.php?rest_route=%2Fwp%2Fv2%2Fmedia&parent=52"}],"curies":[{"name":"wp","href":"https:\/\/api.w.org\/{rel}","templated":true}]}}