{"id":82,"date":"2020-06-03T20:55:10","date_gmt":"2020-06-03T17:55:10","guid":{"rendered":"http:\/\/demo.safirtema.com\/rota\/?page_id=82"},"modified":"2024-10-12T21:57:13","modified_gmt":"2024-10-12T18:57:13","slug":"hakkimizda","status":"publish","type":"page","link":"https:\/\/turgutlarsigorta.com\/?page_id=82","title":{"rendered":"Hakk\u0131m\u0131zda"},"content":{"rendered":"\n<figure class=\"wp-block-image size-large\"><img loading=\"lazy\" decoding=\"async\" width=\"1024\" height=\"576\" src=\"https:\/\/turgutlarsigorta.com\/wp-content\/uploads\/2024\/09\/WhatsApp-Gorsel-2024-09-09-saat-19.37.06_5ad1216b-1024x576.png\" alt=\"\" class=\"wp-image-282\" srcset=\"https:\/\/turgutlarsigorta.com\/wp-content\/uploads\/2024\/09\/WhatsApp-Gorsel-2024-09-09-saat-19.37.06_5ad1216b-1024x576.png 1024w, https:\/\/turgutlarsigorta.com\/wp-content\/uploads\/2024\/09\/WhatsApp-Gorsel-2024-09-09-saat-19.37.06_5ad1216b-300x169.png 300w, https:\/\/turgutlarsigorta.com\/wp-content\/uploads\/2024\/09\/WhatsApp-Gorsel-2024-09-09-saat-19.37.06_5ad1216b-768x432.png 768w, https:\/\/turgutlarsigorta.com\/wp-content\/uploads\/2024\/09\/WhatsApp-Gorsel-2024-09-09-saat-19.37.06_5ad1216b-1536x864.png 1536w, https:\/\/turgutlarsigorta.com\/wp-content\/uploads\/2024\/09\/WhatsApp-Gorsel-2024-09-09-saat-19.37.06_5ad1216b.png 2000w\" sizes=\"(max-width: 1024px) 100vw, 1024px\" \/><\/figure>\n\n\n\n<p>Turgutlar Sigorta 2011\u00a0y\u0131l\u0131ndan beri \u00a0sigorta arac\u0131l\u0131k ve risk dan\u0131\u015fmanl\u0131\u011f\u0131 hizmetleri sunmaktad\u0131r.\u00a0\u0130htiya\u00e7lar\u0131n\u0131za y\u00f6nelik trafik ve kasko gibi ara\u00e7 sigortas\u0131ndan,\u00a0 deprem, dask, yang\u0131n, h\u0131rs\u0131zl\u0131k gibi ev sigortalar\u0131, e\u011fitim, hayat\u00a0 ve sa\u011fl\u0131k sigortalar\u0131n\u0131 \u00a0b\u00fct\u00e7enize en uygun ko\u015fullarla kar\u015f\u0131lamak i\u00e7in \u00e7al\u0131\u015fmaktad\u0131r.<\/p>\n\n\n\n<p>Turgutlar Sigorta, uzman kadrosu ile 7\/24 do\u011fru, kaliteli, g\u00fcvenilir hizmet vermeyi ilke edinmi\u015ftir.<\/p>\n\n\n\n<p>Gerek kurumsal, gerek bireysel m\u00fc\u015fterilerinin, sigortac\u0131l\u0131\u011f\u0131n t\u00fcm bran\u015flardaki risklerini analiz etmek ve gereken sigorta ihtiya\u00e7lar\u0131na eksiksiz bir \u015fekilde hizmet verebilmek i\u00e7in T\u00fcrkiye\u2019nin lider sigorta \u015firketleri ile \u00e7al\u0131\u015fmaktad\u0131r.<\/p>\n\n\n\n<p>Turgutlar Sigorta dan\u0131\u015fmanlar\u0131 ile; Groupama, Neova, HDI Sigorta, Allianz, T\u00fcrk Nippon Sigorta, Quick Sigorta&#8217;n\u0131n \u00fcr\u00fcn se\u00e7eneklerini kar\u015f\u0131la\u015ft\u0131rmal\u0131 olarak\u00a0 de\u011ferlendirip, ihtiyac\u0131n\u0131za ve b\u00fct\u00e7enize en uygun g\u00fcvenceye sahip olarak, ailenizi ve sevdiklerinizi \u00f6ng\u00f6remedi\u011finiz olaylara kar\u015f\u0131 koruyabilirsiniz.<\/p>\n\n\n\n<h2 class=\"wp-block-heading\">Vizyonumuz<\/h2>\n\n\n\n<ul class=\"wp-block-list\">\n<li>Kolay ve net \u00e7\u00f6z\u00fcm \u00fcretimi ile ileti\u015fimi kolay bir \u015firket olmak,<\/li>\n\n\n\n<li>Yenilik\u00e7i \u00fcr\u00fcn ve sat\u0131\u015f teknikleri ile de\u011fi\u015fen d\u00fcnyada daha fazla sigortal\u0131ya ula\u015fmak,<\/li>\n\n\n\n<li>Karl\u0131 ve uzun d\u00f6nemli s\u00fcrd\u00fcr\u00fclebilir bir b\u00fcy\u00fcme sa\u011flamak,<\/li>\n\n\n\n<li>Turgutlar Sigorta herkesin tercih etti\u011fi ve bildi\u011fi bir marka yapmak<\/li>\n<\/ul>\n\n\n\n<h2 class=\"wp-block-heading\">Misyonumuz<\/h2>\n\n\n\n<ul class=\"wp-block-list\">\n<li>Toplumda sigorta bilincini art\u0131ran, yayg\u0131n da\u011f\u0131t\u0131m kanal\u0131 ile acente ve m\u00fc\u015fteri odakl\u0131 anlay\u0131\u015fa \u00f6nem veren, g\u00fc\u00e7l\u00fc finansal yap\u0131s\u0131 ile g\u00fcveni temsil eden, \u00e7al\u0131\u015fanlar\u0131na ve i\u015f ortaklar\u0131na de\u011fer katan ve t\u00fcm bu olgu ile sigortal\u0131lar\u0131na her zaman en h\u0131zl\u0131 servis veren bir \u015firket olmak.<\/li>\n<\/ul>\n\n\n\n<h2 class=\"wp-block-heading\">De\u011ferlerimiz<\/h2>\n\n\n\n<ul class=\"wp-block-list\">\n<li>Etik sigortac\u0131l\u0131k kurallar\u0131na uygun,<\/li>\n\n\n\n<li>Yenilik\u00e7ilik,<\/li>\n\n\n\n<li>\u00dcretkenlik,<\/li>\n\n\n\n<li>M\u00fc\u015fteri odakl\u0131l\u0131k,<\/li>\n\n\n\n<li>D\u00fcr\u00fcstl\u00fck,<\/li>\n\n\n\n<li>G\u00fcvenilirlik.<\/li>\n<\/ul>\n\n\n\n<p><\/p>\n","protected":false},"excerpt":{"rendered":"<p>Turgutlar Sigorta 2011\u00a0y\u0131l\u0131ndan beri \u00a0sigorta arac\u0131l\u0131k ve risk dan\u0131\u015fmanl\u0131\u011f\u0131 hizmetleri sunmaktad\u0131r.\u00a0\u0130htiya\u00e7lar\u0131n\u0131za y\u00f6nelik trafik ve kasko gibi ara\u00e7 sigortas\u0131ndan,\u00a0 deprem, dask, yang\u0131n, h\u0131rs\u0131zl\u0131k gibi ev sigortalar\u0131, e\u011fitim, hayat\u00a0 ve sa\u011fl\u0131k sigortalar\u0131n\u0131 \u00a0b\u00fct\u00e7enize en uygun ko\u015fullarla kar\u015f\u0131lamak i\u00e7in \u00e7al\u0131\u015fmaktad\u0131r. Turgutlar Sigorta, uzman kadrosu ile 7\/24 do\u011fru, kaliteli, g\u00fcvenilir hizmet vermeyi ilke edinmi\u015ftir. Gerek kurumsal, gerek bireysel m\u00fc\u015fterilerinin, [&hellip;]<\/p>\n","protected":false},"author":1,"featured_media":0,"parent":0,"menu_order":0,"comment_status":"closed","ping_status":"closed","template":"","meta":{"footnotes":""},"class_list":["post-82","page","type-page","status-publish","hentry"],"_links":{"self":[{"href":"https:\/\/turgutlarsigorta.com\/index.php?rest_route=\/wp\/v2\/pages\/82"}],"collection":[{"href":"https:\/\/turgutlarsigorta.com\/index.php?rest_route=\/wp\/v2\/pages"}],"about":[{"href":"https:\/\/turgutlarsigorta.com\/index.php?rest_route=\/wp\/v2\/types\/page"}],"author":[{"embeddable":true,"href":"https:\/\/turgutlarsigorta.com\/index.php?rest_route=\/wp\/v2\/users\/1"}],"replies":[{"embeddable":true,"href":"https:\/\/turgutlarsigorta.com\/index.php?rest_route=%2Fwp%2Fv2%2Fcomments&post=82"}],"version-history":[{"count":6,"href":"https:\/\/turgutlarsigorta.com\/index.php?rest_route=\/wp\/v2\/pages\/82\/revisions"}],"predecessor-version":[{"id":336,"href":"https:\/\/turgutlarsigorta.com\/index.php?rest_route=\/wp\/v2\/pages\/82\/revisions\/336"}],"wp:attachment":[{"href":"https:\/\/turgutlarsigorta.com\/index.php?rest_route=%2Fwp%2Fv2%2Fmedia&parent=82"}],"curies":[{"name":"wp","href":"https:\/\/api.w.org\/{rel}","templated":true}]}}